{"id":388,"date":"2022-03-12T08:07:48","date_gmt":"2022-03-12T08:07:48","guid":{"rendered":"https:\/\/startersites.io\/stagingfive\/?page_id=388"},"modified":"2026-03-06T07:20:42","modified_gmt":"2026-03-06T07:20:42","slug":"remotesupport","status":"publish","type":"page","link":"https:\/\/joset-telematique.ch\/fr\/remotesupport\/","title":{"rendered":"Support \u00e0 distance"},"content":{"rendered":"\n<div style=\"height:150px\" aria-hidden=\"true\" class=\"wp-block-spacer\"><\/div>\n\n\n\n<div class=\"wp-block-stackable-columns stk-block-columns stk-block stk-42e9779\" data-block-id=\"42e9779\"><style>.stk-42e9779 {margin-bottom:0px !important;}.stk-42e9779-column{--stk-column-gap:50px !important;row-gap:50px !important;}<\/style><div class=\"stk-row stk-inner-blocks stk-block-content stk-content-align stk-42e9779-column\">\n<div class=\"wp-block-stackable-column stk-block-column stk-column stk-block stk-a79a682\" data-v=\"4\" data-block-id=\"a79a682\"><style>.stk-a79a682-container{margin-top:0px !important;margin-right:0px !important;margin-bottom:0px !important;margin-left:0px !important;}@media screen and (min-width:690px) and (max-width:999px){.stk-a79a682 {flex:var(--stk-flex-grow, 1) 1 calc(50% - var(--stk-column-gap, 0px) * 1 \/ 2 ) !important;}}<\/style><div class=\"stk-column-wrapper stk-block-column__content stk-container stk-a79a682-container stk--no-background stk--no-padding\"><div class=\"has-text-align-center stk-block-content stk-inner-blocks stk-a79a682-inner-blocks\">\n<div class=\"wp-block-stackable-icon stk-block-icon stk-block stk-22bc0c3\" data-block-id=\"22bc0c3\"><style>.stk-22bc0c3 {margin-bottom:20px !important;}.stk-22bc0c3 .stk--svg-wrapper .stk--inner-svg svg:last-child{height:22px !important;width:22px !important;}.stk-22bc0c3 .stk--svg-wrapper .stk--inner-svg svg:last-child, .stk-22bc0c3 .stk--svg-wrapper .stk--inner-svg svg:last-child :is(g, path, rect, polygon, ellipse){fill:#0078d7 !important;}.stk-22bc0c3 .stk--svg-wrapper .stk--inner-svg{background-color:var(--theme-palette-color-4, #0a0500) !important;border-radius:50% !important;padding:20px !important;}<\/style><span class=\"stk--svg-wrapper\"><div class=\"stk--inner-svg\"><svg style=\"height:0;width:0\"><defs><linearGradient id=\"linear-gradient-22bc0c3\" x1=\"0\" x2=\"100%\" y1=\"0\" y2=\"0\"><stop offset=\"0%\" style=\"stop-opacity:1;stop-color:var(--linear-gradient-22-bc-0-c-3-color-1)\"><\/stop><stop offset=\"100%\" style=\"stop-opacity:1;stop-color:var(--linear-gradient-22-bc-0-c-3-color-2)\"><\/stop><\/linearGradient><\/defs><\/svg><svg xmlns=\"http:\/\/www.w3.org\/2000\/svg\" viewBox=\"0 0 448 512\" aria-hidden=\"true\" width=\"32\" height=\"32\"><path d=\"M0 93.7l183.6-25.3v177.4H0V93.7zm0 324.6l183.6 25.3V268.4H0v149.9zm203.8 28L448 480V268.4H203.8v177.9zm0-380.6v180.1H448V32L203.8 65.7z\"\/><\/svg><\/div><\/span><\/div>\n\n\n\n<div class=\"wp-block-stackable-heading stk-block-heading stk-block-heading--v2 stk-block stk-592ef48\" id=\"rust-desk-windows\" data-block-id=\"592ef48\"><style>.stk-592ef48 {margin-bottom:15px !important;}.stk-592ef48 .stk-block-heading__text{line-height:1.5em !important;}<\/style><h5 class=\"stk-block-heading__text\">Rust Desk &#8211; Windows<\/h5><\/div>\n\n\n\n<div class=\"wp-block-stackable-text stk-block-text stk-block stk-592f05f\" data-block-id=\"592f05f\"><p class=\"stk-block-text__text\"><a href=\"https:\/\/github.com\/rustdesk\/rustdesk\/releases\/download\/1.4.5\/rustdesk-1.4.5-x86_64.exe\" data-type=\"link\" data-id=\"https:\/\/github.com\/rustdesk\/rustdesk\/releases\/download\/1.4.5\/rustdesk-1.4.5-x86_64.exe\">T\u00e9l\u00e9charger<\/a><\/p><\/div>\n<\/div><\/div><\/div>\n\n\n\n<div class=\"wp-block-stackable-column stk-block-column stk-column stk-block stk-1e0e313\" data-v=\"4\" data-block-id=\"1e0e313\"><style>.stk-1e0e313-container{margin-top:0px !important;margin-right:0px !important;margin-bottom:0px !important;margin-left:0px !important;}@media screen and (min-width:690px) and (max-width:999px){.stk-1e0e313 {flex:var(--stk-flex-grow, 1) 1 calc(50% - var(--stk-column-gap, 0px) * 1 \/ 2 ) !important;}}<\/style><div class=\"stk-column-wrapper stk-block-column__content stk-container stk-1e0e313-container stk--no-background stk--no-padding\"><div class=\"has-text-align-center stk-block-content stk-inner-blocks stk-1e0e313-inner-blocks\">\n<div class=\"wp-block-stackable-icon stk-block-icon stk-block stk-8d7463e\" data-block-id=\"8d7463e\"><style>.stk-8d7463e {margin-bottom:20px !important;}.stk-8d7463e .stk--svg-wrapper .stk--inner-svg svg:last-child{height:22px !important;width:22px !important;}.stk-8d7463e .stk--svg-wrapper .stk--inner-svg svg:last-child, .stk-8d7463e .stk--svg-wrapper .stk--inner-svg svg:last-child :is(g, path, rect, polygon, ellipse){fill:var(--theme-palette-color-8, #ffffff) !important;}.stk-8d7463e .stk--svg-wrapper .stk--inner-svg{background-color:var(--theme-palette-color-4, #0a0500) !important;border-radius:50% !important;padding:20px !important;}<\/style><span class=\"stk--svg-wrapper\"><div class=\"stk--inner-svg\"><svg style=\"height:0;width:0\"><defs><linearGradient id=\"linear-gradient-8d7463e\" x1=\"0\" x2=\"100%\" y1=\"0\" y2=\"0\"><stop offset=\"0%\" style=\"stop-opacity:1;stop-color:var(--linear-gradient-8-d-7463-e-color-1)\"><\/stop><stop offset=\"100%\" style=\"stop-opacity:1;stop-color:var(--linear-gradient-8-d-7463-e-color-2)\"><\/stop><\/linearGradient><\/defs><\/svg><svg xmlns=\"http:\/\/www.w3.org\/2000\/svg\" viewBox=\"0 0 384 512\" aria-hidden=\"true\" width=\"32\" height=\"32\"><path d=\"M318.7 268.7c-.2-36.7 16.4-64.4 50-84.8-18.8-26.9-47.2-41.7-84.7-44.6-35.5-2.8-74.3 20.7-88.5 20.7-15 0-49.4-19.7-76.4-19.7C63.3 141.2 4 184.8 4 273.5q0 39.3 14.4 81.2c12.8 36.7 59 126.7 107.2 125.2 25.2-.6 43-17.9 75.8-17.9 31.8 0 48.3 17.9 76.4 17.9 48.6-.7 90.4-82.5 102.6-119.3-65.2-30.7-61.7-90-61.7-91.9zm-56.6-164.2c27.3-32.4 24.8-61.9 24-72.5-24.1 1.4-52 16.4-67.9 34.9-17.5 19.8-27.8 44.3-25.6 71.9 26.1 2 49.9-11.4 69.5-34.3z\"\/><\/svg><\/div><\/span><\/div>\n\n\n\n<div class=\"wp-block-stackable-heading stk-block-heading stk-block-heading--v2 stk-block stk-65958f7\" id=\"rust-desk-mac-os\" data-block-id=\"65958f7\"><style>.stk-65958f7 {margin-bottom:15px !important;}.stk-65958f7 .stk-block-heading__text{line-height:1.5em !important;}<\/style><h5 class=\"stk-block-heading__text\">Rust Desk &#8211; macOS<\/h5><\/div>\n\n\n\n<div class=\"wp-block-stackable-text stk-block-text stk-block stk-c9ed8a5\" data-block-id=\"c9ed8a5\"><p class=\"stk-block-text__text\"><a href=\"https:\/\/github.com\/rustdesk\/rustdesk\/releases\/download\/1.4.5\/rustdesk-1.4.5-x86_64.dmg\" data-type=\"link\" data-id=\"https:\/\/github.com\/rustdesk\/rustdesk\/releases\/download\/1.4.5\/rustdesk-1.4.5-x86_64.dmg\">T\u00e9l\u00e9charger<\/a><\/p><\/div>\n<\/div><\/div><\/div>\n\n\n\n<div class=\"wp-block-stackable-column stk-block-column stk-column stk-block stk-d5bb11b\" data-v=\"4\" data-block-id=\"d5bb11b\"><style>.stk-d5bb11b-container{margin-top:0px !important;margin-right:0px !important;margin-bottom:0px !important;margin-left:0px !important;}@media screen and (min-width:690px) and (max-width:999px){.stk-d5bb11b {flex:var(--stk-flex-grow, 1) 1 calc(50% - var(--stk-column-gap, 0px) * 1 \/ 2 ) !important;}}<\/style><div class=\"stk-column-wrapper stk-block-column__content stk-container stk-d5bb11b-container stk--no-background stk--no-padding\"><div class=\"has-text-align-center stk-block-content stk-inner-blocks stk-d5bb11b-inner-blocks\">\n<div class=\"wp-block-stackable-icon stk-block-icon stk-block stk-1ff9060\" data-block-id=\"1ff9060\"><style>.stk-1ff9060 {margin-bottom:20px !important;}.stk-1ff9060 .stk--svg-wrapper .stk--inner-svg svg:last-child{height:22px !important;width:22px !important;}.stk-1ff9060 .stk--svg-wrapper .stk--inner-svg svg:last-child, .stk-1ff9060 .stk--svg-wrapper .stk--inner-svg svg:last-child :is(g, path, rect, polygon, ellipse){fill:#dd4814 !important;}.stk-1ff9060 .stk--svg-wrapper .stk--inner-svg{background-color:var(--theme-palette-color-4, #0a0500) !important;border-radius:50% !important;padding:20px !important;}<\/style><span class=\"stk--svg-wrapper\"><div class=\"stk--inner-svg\"><svg style=\"height:0;width:0\"><defs><linearGradient id=\"linear-gradient-1ff9060\" x1=\"0\" x2=\"100%\" y1=\"0\" y2=\"0\"><stop offset=\"0%\" style=\"stop-opacity:1;stop-color:var(--linear-gradient-1-ff-9060-color-1)\"><\/stop><stop offset=\"100%\" style=\"stop-opacity:1;stop-color:var(--linear-gradient-1-ff-9060-color-2)\"><\/stop><\/linearGradient><\/defs><\/svg><svg xmlns=\"http:\/\/www.w3.org\/2000\/svg\" viewBox=\"0 0 576 512\" aria-hidden=\"true\" width=\"32\" height=\"32\"><path d=\"M469.2 75A75.6 75.6 0 1 0 317.9 75a75.6 75.6 0 1 0 151.2 0zM154.2 240.7A75.6 75.6 0 1 0 3 240.7a75.6 75.6 0 1 0 151.2 0zM57 346C75.6 392.9 108 433 150 461.1s91.5 42.6 142 41.7c-14.7-18.6-22.9-41.5-23.2-65.2c-6.8-.9-13.3-2.1-19.5-3.4c-26.8-5.7-51.9-17.3-73.6-34s-39.3-38.1-51.7-62.5c-20.9 9.9-44.5 12.8-67.1 8.2zm395.1 89.8a75.6 75.6 0 1 0 -151.2 0 75.6 75.6 0 1 0 151.2 0zM444 351.6c18.5 14.8 31.6 35.2 37.2 58.2c33.3-41.3 52.6-92.2 54.8-145.2s-12.5-105.4-42.2-149.4c-8.6 21.5-24 39.6-43.8 51.6c15.4 28.6 22.9 60.8 21.9 93.2s-10.7 64-28 91.6zM101.1 135.4c12.4 2.7 24.3 7.5 35.1 14.3c16.6-24.2 38.9-44.1 64.8-58S255.8 70.4 285.2 70c.2-5.9 .9-11.9 2-17.7c3.6-16.7 11.1-32.3 21.8-45.5c-47.7-3.8-95.4 6-137.6 28.5S94.3 91.7 70.8 133.4c2.7-.2 5.3-.3 8-.3c7.5 0 15 .8 22.4 2.3z\"\/><\/svg><\/div><\/span><\/div>\n\n\n\n<div class=\"wp-block-stackable-heading stk-block-heading stk-block-heading--v2 stk-block stk-7391842\" id=\"rust-desk-ubuntu-linux\" data-block-id=\"7391842\"><style>.stk-7391842 {margin-bottom:15px !important;}.stk-7391842 .stk-block-heading__text{line-height:1.5em !important;}<\/style><h5 class=\"stk-block-heading__text\">Rust Desk &#8211; Ubuntu Linux<\/h5><\/div>\n\n\n\n<p><a href=\"https:\/\/github.com\/rustdesk\/rustdesk\/releases\/download\/1.4.5\/rustdesk-1.4.5-x86_64.deb\">T\u00e9l\u00e9charger<\/a><\/p>\n<\/div><\/div><\/div>\n\n\n\n<div class=\"wp-block-stackable-column stk-block-column stk-column stk-block stk-621ae9f\" data-v=\"4\" data-block-id=\"621ae9f\"><style>.stk-621ae9f-container{margin-top:0px !important;margin-right:0px !important;margin-bottom:0px !important;margin-left:0px !important;}@media screen and (min-width:690px) and (max-width:999px){.stk-621ae9f {flex:var(--stk-flex-grow, 1) 1 calc(50% - var(--stk-column-gap, 0px) * 1 \/ 2 ) !important;}}<\/style><div class=\"stk-column-wrapper stk-block-column__content stk-container stk-621ae9f-container stk--no-background stk--no-padding\"><div class=\"has-text-align-center stk-block-content stk-inner-blocks stk-621ae9f-inner-blocks\">\n<div class=\"wp-block-stackable-icon stk-block-icon stk-block stk-a80ef35\" data-block-id=\"a80ef35\"><style>.stk-a80ef35 {margin-bottom:20px !important;}.stk-a80ef35 .stk--svg-wrapper .stk--inner-svg svg:last-child{height:22px !important;width:22px !important;}.stk-a80ef35 .stk--svg-wrapper .stk--inner-svg svg:last-child, .stk-a80ef35 .stk--svg-wrapper .stk--inner-svg svg:last-child :is(g, path, rect, polygon, ellipse){fill:#1a9900 !important;}.stk-a80ef35 .stk--svg-wrapper .stk--inner-svg{background-color:#000000 !important;border-radius:50% !important;padding:20px !important;}<\/style><span class=\"stk--svg-wrapper\"><div class=\"stk--inner-svg\"><svg style=\"height:0;width:0\"><defs><linearGradient id=\"linear-gradient-a80ef35\" x1=\"0\" x2=\"100%\" y1=\"0\" y2=\"0\"><stop offset=\"0%\" style=\"stop-opacity:1;stop-color:var(--linear-gradient-a-80-ef-35-color-1)\"><\/stop><stop offset=\"100%\" style=\"stop-opacity:1;stop-color:var(--linear-gradient-a-80-ef-35-color-2)\"><\/stop><\/linearGradient><\/defs><\/svg><svg xmlns=\"http:\/\/www.w3.org\/2000\/svg\" viewBox=\"0 0 512 512\" aria-hidden=\"true\" width=\"32\" height=\"32\"><path d=\"M280 0C408.1 0 512 103.9 512 232c0 13.3-10.7 24-24 24s-24-10.7-24-24c0-101.6-82.4-184-184-184c-13.3 0-24-10.7-24-24s10.7-24 24-24zm8 192a32 32 0 1 1 0 64 32 32 0 1 1 0-64zm-32-72c0-13.3 10.7-24 24-24c75.1 0 136 60.9 136 136c0 13.3-10.7 24-24 24s-24-10.7-24-24c0-48.6-39.4-88-88-88c-13.3 0-24-10.7-24-24zM117.5 1.4c19.4-5.3 39.7 4.6 47.4 23.2l40 96c6.8 16.3 2.1 35.2-11.6 46.3L144 207.3c33.3 70.4 90.3 127.4 160.7 160.7L345 318.7c11.2-13.7 30-18.4 46.3-11.6l96 40c18.6 7.7 28.5 28 23.2 47.4l-24 88C481.8 499.9 466 512 448 512C200.6 512 0 311.4 0 64C0 46 12.1 30.2 29.5 25.4l88-24z\"\/><\/svg><\/div><\/span><\/div>\n\n\n\n<div class=\"wp-block-stackable-heading stk-block-heading stk-block-heading--v2 stk-block stk-276e4de\" id=\"quick-connect-by-jtlm\" data-block-id=\"276e4de\"><style>.stk-276e4de {margin-bottom:15px !important;}.stk-276e4de .stk-block-heading__text{line-height:1.5em !important;}<\/style><h5 class=\"stk-block-heading__text\">QuickConnect by JTLM<\/h5><\/div>\n\n\n\n<div class=\"wp-block-stackable-text stk-block-text stk-block stk-b6d9821\" data-block-id=\"b6d9821\"><p class=\"stk-block-text__text\"><a href=\"https:\/\/joset-telematique.rmmservice.eu\/connect\/#\/4592614405\">Demander une prise en main<\/a><\/p><\/div>\n<\/div><\/div><\/div>\n<\/div><\/div>\n\n\n\n<div class=\"wp-block-stackable-spacer stk-block-spacer stk--no-padding stk-block stk-f767593\" data-block-id=\"f767593\"><style>.stk-f767593 {height:120px !important;}@media screen and (max-width:999px){.stk-f767593 {height:70px !important;}}<\/style><\/div>\n\n\n\n<p><\/p>\n\n\n\n\n\n<p><\/p>\n","protected":false},"excerpt":{"rendered":"<p>Rust Desk &#8211; Windows T\u00e9l\u00e9charger Rust Desk &#8211; macOS T\u00e9l\u00e9charger Rust Desk &#8211; Ubuntu Linux T\u00e9l\u00e9charger QuickConnect by JTLM Demander une prise en main<\/p>\n","protected":false},"author":1,"featured_media":741,"parent":0,"menu_order":0,"comment_status":"closed","ping_status":"closed","template":"","meta":{"footnotes":""},"class_list":["post-388","page","type-page","status-publish","has-post-thumbnail","hentry"],"blocksy_meta":{"page_title_panel":"","has_hero_section":"enabled","b5eab4b45fc993c35f414f196001c1b3":"","hero_section":"type-2","hero_elements":[{"id":"custom_title","enabled":false,"heading_tag":"h1","title":"Home","__id":"ZyrS6FOugicAkQSnQwo7w"},{"id":"custom_description","enabled":true,"description_visibility":{"desktop":true,"tablet":true,"mobile":false},"__id":"QDkW5YxGSAP-7ONdDrX-N"},{"id":"custom_meta","enabled":false,"meta_elements":[{"id":"author","enabled":true,"label":"By","has_author_avatar":"yes","avatar_size":25},{"id":"post_date","enabled":true,"label":"On","date_format_source":"default","date_format":"M j, Y"},{"id":"updated_date","enabled":false,"label":"On","date_format_source":"default","date_format":"M j, Y"},{"id":"categories","enabled":false,"label":"In","style":"simple"},{"id":"comments","enabled":true}],"page_meta_elements":{"joined":true,"articles_count":true,"comments":true},"__id":"oFPa27vxKJoVnRzqtMmGE"},{"id":"breadcrumbs","enabled":false,"__id":"plhmT330SqZpJWv0LiYxW"}],"76f4d01deefcea6e36539ad1e0b44d7b":"","hero_alignment1":"CT_CSS_SKIP_RULE","hero_margin":40,"hero_alignment2":"center","hero_vertical_alignment":"center","0949b4a7e32105b1f86c9539ab4f63fe":"","hero_structure":"narrow","8b5cdd064d547fd8f2f567b9e5031f2c":"","page_title_bg_type":"featured_image","custom_hero_background":{"attachment_id":null},"parallax":{"desktop":false,"tablet":false,"mobile":false},"b8535cf0316ce12df016fa4a68ddf005":"","hero_height":"250px","pageTitleFont":{"family":"Helvetica","variation":"n2","size":"30px","line-height":"CT_CSS_SKIP_RULE","letter-spacing":"CT_CSS_SKIP_RULE","text-transform":"capitalize","text-decoration":"CT_CSS_SKIP_RULE"},"pageTitleFontColor":{"default":{"color":"#f7f7f7"}},"pageMetaFont":{"family":"Default","variation":"n6","size":"12px","line-height":"1.3","letter-spacing":"CT_CSS_SKIP_RULE","text-transform":"uppercase","text-decoration":"CT_CSS_SKIP_RULE"},"pageMetaFontColor":{"default":{"color":"CT_CSS_SKIP_RULEDEFAULT"},"hover":{"color":"CT_CSS_SKIP_RULEDEFAULT"}},"page_meta_button_type_font_colors":{"default":{"color":"CT_CSS_SKIP_RULEDEFAULT"},"hover":{"color":"CT_CSS_SKIP_RULEDEFAULT"}},"page_meta_button_type_background_colors":{"default":{"color":"CT_CSS_SKIP_RULEDEFAULT"},"hover":{"color":"CT_CSS_SKIP_RULEDEFAULT"}},"pageExcerptFont":{"family":"Montserrat","variation":"n4","size":"CT_CSS_SKIP_RULE","line-height":"CT_CSS_SKIP_RULE","letter-spacing":"CT_CSS_SKIP_RULE","text-transform":"CT_CSS_SKIP_RULE","text-decoration":"CT_CSS_SKIP_RULE"},"pageExcerptColor":{"default":{"color":"CT_CSS_SKIP_RULEDEFAULT"}},"breadcrumbsFont":{"family":"Default","variation":"Default","size":"CT_CSS_SKIP_RULE","line-height":"CT_CSS_SKIP_RULE","letter-spacing":"CT_CSS_SKIP_RULE","text-transform":"CT_CSS_SKIP_RULE","text-decoration":"CT_CSS_SKIP_RULE"},"breadcrumbsFontColor":{"default":{"color":"CT_CSS_SKIP_RULEDEFAULT"},"initial":{"color":"CT_CSS_SKIP_RULEDEFAULT"},"hover":{"color":"CT_CSS_SKIP_RULEDEFAULT"}},"pageTitleOverlay":{"background_type":"color","background_pattern":"type-1","background_image":{"attachment_id":null,"x":0,"y":0},"gradient":"linear-gradient(135deg,rgba(6,147,227,1) 0%,rgb(155,81,224) 100%)","background_repeat":"repeat","background_size":"auto","background_attachment":"scroll","patternColor":{"default":{"color":"#e5e7ea"}},"overlayColor":{"default":{"color":"CT_CSS_SKIP_RULE"}},"backgroundColor":{"default":{"color":"CT_CSS_SKIP_RULE"}}},"pageTitleBackground":{"background_type":"color","background_pattern":"type-1","background_image":{"attachment_id":null,"x":0,"y":0},"gradient":"linear-gradient(135deg,rgba(6,147,227,1) 0%,rgb(155,81,224) 100%)","background_repeat":"repeat","background_size":"auto","background_attachment":"scroll","patternColor":{"default":{"color":"#e5e7ea"}},"overlayColor":{"default":{"color":"CT_CSS_SKIP_RULE"}},"backgroundColor":{"default":{"color":"#000000"}}},"pageTitlePadding":{"top":"50px","bottom":"50px","left":"auto","right":"auto","linked":true},"eba25506a86953c395b61aeb80c3ca2d":"","page_structure_type":"type-4","653fd0425713646e5318053e5570eeb1":"","content_style_source":"inherit","content_style":"wide","vertical_spacing_source":"custom","content_area_spacing":"none","background":{"background_type":"color","background_pattern":"type-1","background_image":{"attachment_id":null,"x":0,"y":0},"gradient":"linear-gradient(135deg,rgba(6,147,227,1) 0%,rgb(155,81,224) 100%)","background_repeat":"repeat","background_size":"auto","background_attachment":"scroll","patternColor":{"default":{"color":"#e5e7ea"}},"overlayColor":{"default":{"color":"CT_CSS_SKIP_RULE"}},"backgroundColor":{"default":{"color":"CT_CSS_SKIP_RULE"}}},"content_background":{"background_type":"color","background_pattern":"type-1","background_image":{"attachment_id":null,"x":0,"y":0},"gradient":"linear-gradient(135deg,rgba(6,147,227,1) 0%,rgb(155,81,224) 100%)","background_repeat":"repeat","background_size":"auto","background_attachment":"scroll","patternColor":{"default":{"color":"#e5e7ea"}},"overlayColor":{"default":{"color":"CT_CSS_SKIP_RULE"}},"backgroundColor":{"default":{"color":"var(--theme-palette-color-8)"}}},"content_boxed_shadow":{"inherit":false,"blur":18,"spread":-6,"v_offset":12,"h_offset":0,"inset":false,"enable":true,"color":{"color":"rgba(34, 56, 101, 0.04)"}},"boxed_content_spacing":{"desktop":{"top":"40px","bottom":"40px","left":"40px","right":"40px","linked":true},"tablet":{"top":"35px","bottom":"35px","left":"35px","right":"35px","linked":true},"mobile":{"top":"20px","bottom":"20px","left":"20px","right":"20px","linked":true}},"content_boxed_radius":{"top":"3px","bottom":"3px","left":"3px","right":"3px","linked":true},"7992791a59a9cb710c125115fbd410b3":"","disable_featured_image":"no","disable_share_box":"no","disable_header":"no","disable_footer":"no","styles_descriptor":{"styles":{"desktop":"[data-prefix=\"single_page\"] .entry-header .page-title {--theme-font-family:Helvetica;--theme-font-weight:200;--theme-text-transform:capitalize;--theme-font-size:30px;} [data-prefix=\"single_page\"] .entry-header .entry-meta {--theme-font-weight:600;--theme-text-transform:uppercase;--theme-font-size:12px;--theme-line-height:1.3;} [data-prefix=\"single_page\"] .entry-header .page-description {--theme-font-family:Montserrat, Sans-Serif;--theme-font-weight:400;} [data-prefix=\"single_page\"] .hero-section[data-type=\"type-2\"] {background-color:#000000;background-image:none;--container-padding:50px 0;}","tablet":"","mobile":""},"google_fonts":{"Montserrat":["n4"]},"version":6}},"_links":{"self":[{"href":"https:\/\/joset-telematique.ch\/fr\/wp-json\/wp\/v2\/pages\/388","targetHints":{"allow":["GET"]}}],"collection":[{"href":"https:\/\/joset-telematique.ch\/fr\/wp-json\/wp\/v2\/pages"}],"about":[{"href":"https:\/\/joset-telematique.ch\/fr\/wp-json\/wp\/v2\/types\/page"}],"author":[{"embeddable":true,"href":"https:\/\/joset-telematique.ch\/fr\/wp-json\/wp\/v2\/users\/1"}],"replies":[{"embeddable":true,"href":"https:\/\/joset-telematique.ch\/fr\/wp-json\/wp\/v2\/comments?post=388"}],"version-history":[{"count":13,"href":"https:\/\/joset-telematique.ch\/fr\/wp-json\/wp\/v2\/pages\/388\/revisions"}],"predecessor-version":[{"id":992,"href":"https:\/\/joset-telematique.ch\/fr\/wp-json\/wp\/v2\/pages\/388\/revisions\/992"}],"wp:featuredmedia":[{"embeddable":true,"href":"https:\/\/joset-telematique.ch\/fr\/wp-json\/wp\/v2\/media\/741"}],"wp:attachment":[{"href":"https:\/\/joset-telematique.ch\/fr\/wp-json\/wp\/v2\/media?parent=388"}],"curies":[{"name":"wp","href":"https:\/\/api.w.org\/{rel}","templated":true}]}}