{"id":826,"date":"2025-09-29T07:14:26","date_gmt":"2025-09-29T07:14:26","guid":{"rendered":"https:\/\/dev.joset-telematique.ch\/politique-de-cookies\/"},"modified":"2025-09-29T07:14:26","modified_gmt":"2025-09-29T07:14:26","slug":"politique-de-cookies","status":"publish","type":"page","link":"https:\/\/joset-telematique.ch\/de\/politique-de-cookies\/","title":{"rendered":"Cookie-Richtlinie"},"content":{"rendered":"<p>Mit dieser Cookie-Richtlinie m\u00f6chten wir erkl\u00e4ren, was Cookies und Cookie-\u00e4hnliche Technologien sind, wie wir und andere Service Provider sie auf dieser Website verwenden, welche Informationen sie sammeln, wie lange und f\u00fcr welche Zwecke wir sie nutzen.<\/p><h2>Inhaltsverzeichnis<\/h2><ul><li><a href=\"#controller-of-the-website\">Verantwortlicher der Website<\/a><\/li><li><a href=\"#diff-to-privacy-policy\">Erg\u00e4nzung der Datenschutz-Richtlinie<\/a><\/li><li><a href=\"#cookie-technology\">Was sind Cookies und \u00e4hnliche Technologien?<\/a><\/li><li><a href=\"#legal-basis\">Was ist die Rechtsgrundlage f\u00fcr das Setzen\/Lesen von Cookies?<\/a><\/li><li><a href=\"#rights-of-visitor\">Welche Rechte hat der Website-Besucher?<\/a><\/li><li><a href=\"#manage-cookies\">Wie verwalte ich Cookies in einem Browser?<\/a><\/li><li><a href=\"#types-of-cookies\">Welche Arten von Cookies gibt es?<\/a><\/li><li><a href=\"#cookies-origin\">Wer kann auf dieser Website Cookies setzen?<\/a><\/li><li><a href=\"#list-of-services\">Welche Cookies werden auf dieser Website verwendet?<\/a><\/li><\/ul><h2 id=\"controller-of-the-website\">Verantwortlicher der Website<\/h2><ul><li><strong>Anbieter: <\/strong>Route de Courroux 2, 2824 Vicques, Suisse, Schweiz<\/li><li><strong>E-Mail: <\/strong><a target=\"_blank\" href=\"mailto:info@joset-telematique.ch\">info@joset-telematique.ch<\/a><\/li><li><strong>Telefon: <\/strong><a target=\"_blank\" href=\"tel:032 421 02 90\">032 421 02 90<\/a><\/li><li><strong>Kontaktformular: <\/strong><a target=\"_blank\" href=\"https:\/\/joset-telematique.ch\/de\/contact\/\">joset-telematique.ch\/de\/contact\/<\/a><\/li><\/ul><h2 id=\"diff-to-privacy-policy\">Erg\u00e4nzung der Datenschutz-Richtlinie<\/h2><p>Diese Cookie-Richtlinie ist eine Erg\u00e4nzung zur <a href=\"https:\/\/joset-telematique.ch\/de\/privacy-policy-2\/\" target=\"_blank\">Datenschutzerkl\u00e4rung<\/a> dieser Website. Die Cookie-Richtlinie legt fest, wie eine Website Cookies verwendet und welche Daten sie damit sammelt, w\u00e4hrend die Datenschutzerkl\u00e4rung einen umfassenderen \u00dcberblick \u00fcber alle Datenverarbeitungsaktivit\u00e4ten auf der Website und dar\u00fcber hinaus bietet.<\/p><h2 id=\"cookie-technology\">Was sind Cookies und \u00e4hnliche Technologien?<\/h2><p>Cookies sind kleine Einheiten von Informationen, \u00e4hnlich wie Textdateien, die auf dem Endger\u00e4t gespeichert und gelesen werden k\u00f6nnen. Sie dienen verschiedenen Zwecken, u. a. der Aufrechterhaltung grundlegender Funktionen der Website, der Sicherheit und des Datenschutzes, der Bereitstellung optionaler Funktionen der Website, der Erfassung statistischer Daten \u00fcber Besucherstr\u00f6me und der Bereitstellung von Marketingsystemen. Praktische Beispiele daf\u00fcr, was in Cookies gespeichert werden kann, sind die Speicherung des Login-Status in Benutzerkonten, der Inhalt von Warenk\u00f6rben in E-Commerce-Plattformen oder eine Nutzer-ID zur Verfolgung des Verhaltens auf der Website.<br \/><br \/>Die Informationen k\u00f6nnen technisch auf verschiedene Arten gespeichert werden. Die bekanntesten Beispiele daf\u00fcr sind HTTP-Cookies und Cookie-\u00e4hnliche Technologien wie der lokale Speicher, der Sitzungsspeicher oder IndexedDB. Jede Art der Speicherung hat unterschiedliche Eigenschaften, welche die technische Handhabung, die Zug\u00e4nglichkeit und die zum Zugriff auf die Informationen berechtigten Verantwortlichen bestimmen. Alle diese Arten der Speicherung werden in der Regel unter dem Begriff \u201eCookies\u201c zusammengefasst und daher in dieser Cookie-Richtlinie auch so genannt.<\/p><h2 id=\"legal-basis\">Was ist die Rechtsgrundlage f\u00fcr das Setzen\/Lesen von Cookies?<\/h2><p>Das Setzen und Auslesen von Cookies ist in der Europ\u00e4ischen Union (EU) und dem Europ\u00e4ischen Wirtschaftsraum (EWR) gem\u00e4\u00df \u00a7 25 TDDDG (Deutschland) und \u00a7 165 TKG (\u00d6sterreich) nur dann zul\u00e4ssig, wenn ein Nutzer seine Einwilligung auf der Grundlage umfassender Informationen \u00fcber die Zwecke der Verarbeitung gegeben hat. Der Website-Betreiber kann auch Cookies setzen, wenn sie unbedingt notwendig sind, um dir als Nutzer den ausdr\u00fccklich angeforderten Service zur Verf\u00fcgung zu stellen, z. B. die grundlegenden Inhalte dieser Website oder andere unbedingt notwendige Cookies f\u00fcr grundlegende Funktionen der Website, die dir ohne deine Einwilligung angezeigt werden.<br \/><br \/>Das Setzen und Auslesen von Cookies ist in der Schweiz gem\u00e4\u00df Art. 45c lit. b FMG (Fernmeldegesetz) nur dann zul\u00e4ssig, wenn ein Nutzer die M\u00f6glichkeit hat, der Verarbeitung von Daten auf der Grundlage einer umfassenden Information \u00fcber die Zwecke der Verarbeitung zu widersprechen. In Ausnahmef\u00e4llen muss f\u00fcr die Verarbeitung von personenbezogenen Daten in Cookies in der Schweiz eine Einwilligung eingeholt werden.<\/p><h2 id=\"rights-of-visitor\">Welche Rechte hat der Website-Besucher?<\/h2><p>Services and their cookies can be set and read on the legal basis of your consent or a legitimate interest. When you first visited this website, you were asked for your consent and you had the opportunity to object to the use of certain services. We explained which legal basis is used for which service in our consent dialog.<br \/><br \/>You have the right to view the history of your decisions, change your privacy settings, object to the use of services and revoke your consent at any time. Below you find possibilities to exercise your rights:<br \/><ul><li><a  href=\"#consent-change\" role=\"button\" id=\"rcb-sc-link-change\" data-success-message=\"\" class=\"rcb-sc-link rcb-sc-link-change\">Privatsph\u00e4re-Einstellungen \u00e4ndern<\/a><\/li><li><a  href=\"#consent-history\" role=\"button\" id=\"rcb-sc-link-history\" data-success-message=\"\" class=\"rcb-sc-link rcb-sc-link-history\">Historie der Privatsph\u00e4re-Einstellungen<\/a><\/li><li><a  href=\"#consent-revoke\" role=\"button\" id=\"rcb-sc-link-revoke\" data-success-message=\"Du hast die Einwilligung f\u00fcr Services mit dessen Cookies und Verarbeitung personenbezogener Daten erfolgreich widerrufen. Die Seite wird jetzt neu geladen!\" class=\"rcb-sc-link rcb-sc-link-revoke\">Einwilligungen widerrufen<\/a><\/li><\/ul><\/p><h2 id=\"manage-cookies\">Wie verwalte ich Cookies in einem Browser?<\/h2><p><ul><li><strong>How to remove cookies in a browser:<\/strong> To remove cookies from your device, you can clear the browsing data in the settings of your browser. This action will remove all cookies from all websites you've visited, potentially including saved login details and site preferences. In some browsers, you can just delete the cookies and similar data without deleting the whole browsing history.<\/li><li><strong>How to control cookies in a browser:<\/strong> For more granular control over cookies specific to certain websites, navigate to the privacy and cookie settings within your used browser. Here, you can adjust preferences related to individual sites' cookie usage.<\/li><li><strong>How to block cookies in a browser:<\/strong> It's possible to configure most modern browsers in their settings to block all cookies from being placed on your device. But blocking cookies could lead to certain services and functionalities not functioning correctly, e.g. logins as a user. You can also use extensions for many browsers which can block the setting of cookies on websites.<\/li><li><strong>How to manage cookies on this website:<\/strong> To tailor your preferences regarding cookies on this website, you can change your preferences at any time by clicking on the link in the section \"Rights of the website visitor\".<\/li><\/li><\/ul><p>You can find more information on the handling of cookies <a href=\"https:\/\/devowl.io\/rcb\/cookie-handling\/\" target=\"_blank\">devowl.io\/rcb\/cookie-handling\/<\/a>.<\/p><\/p><h2 id=\"types-of-cookies\">Welche Arten von Cookies gibt es?<\/h2><p><ul><li><strong>Essential cookies<\/strong> are indispensable for the basic functionality of a website and enable functions such as saving login information or access to secure areas of the site. These include, for example, security cookies, which can identify a bot that is not wanted on the website by storing an authentication key in a cookie.<\/li><li><strong>Functional cookies<\/strong> improve the user experience by storing information and preferences such as language settings or appearance settings of the website to provide personalized. This includes, for example, preference cookies that store the user's preferred video quality on a website.<\/li><li><strong>Statistics cookies<\/strong> collect data about the use of a website to gain insights into user behavior and optimize the performance of the site. This includes, for example, a randomly assigned user ID that makes it possible to attribute whether you have visited a subpage of the website.<\/li><li><strong>Marketing cookies <\/strong> are used to track user behavior across different websites and to display personalized advertising based on the interests and surfing behavior of users. This includes, for example, advertising cookies that store an interaction with an advertisement on the website and pass it on to advertisers or a chat system for pre-sale questions and customer support.<\/li><\/li><\/ul><\/p><h2 id=\"cookies-origin\">Wer kann auf dieser Website Cookies setzen?<\/h2><p>Auf dieser Website k\u00f6nnen sowohl der Betreiber der Website als auch Dienste Dritter, die auf dieser Website genutzt werden, Cookies setzen und auf deren Inhalte zugreifen. Wer auf welche Cookies und deren Inhalte zugreifen kann, unterscheidet sich zwischen First-Party- und Third-Party-Cookies. First-Party-Cookies werden von der besuchten Website erstellt und k\u00f6nnen nur vom Betreiber der Website und den integrierten Diensten Dritter auf dieser Website gelesen werden. Third-Party-Cookies werden in der Regel von Drittanbieter-Diensten auf anderen Domains gesetzt, k\u00f6nnen auf allen Websites gelesen werden, auf denen der Service, der die Domain steuert, eingebettet ist, und werden z. B. von Werbenetzwerken verwendet, um das Nutzerverhalten \u00fcber verschiedene Websites hinweg zu verfolgen und personalisierte Werbung anzubieten.<\/p><h2 id=\"list-of-services\">Welche Cookies werden auf dieser Website verwendet?<\/h2><script data-jetpack-boost=\"ignore\" type=\"application\/json\">{\"search\":{\"placeholder\":\"Suche...\"},\"sort\":{\"sortAsc\":\"Spalte aufsteigend sortieren\",\"sortDesc\":\"Spalte absteigend sortieren\"},\"pagination\":{\"previous\":\"Vorherige\",\"next\":\"N\\u00e4chste\",\"navigate\":\"Seite %1$d von %2$d\",\"page\":\"Seite %d\",\"showing\":\"Anzeigen\",\"of\":\"von\",\"to\":\"zu\",\"results\":\"Ergebnisse\"},\"noRecordsFound\":\"Keine passenden Eintr\\u00e4ge gefunden\"}<\/script><table  class=\"devowl-wp-react-cookie-banner-cookie-policy\"><thead><tr><th width=\"200px\" scope=\"col\">Kategorie<\/th><th width=\"400px\" scope=\"col\">Technischer Cookie Name<\/th><th width=\"400px\" scope=\"col\">Technischer Cookie Host<\/th><th width=\"400px\" scope=\"col\">Service<\/th><th width=\"250px\" scope=\"col\">Dauer<\/th><th width=\"200px\" scope=\"col\">Typ<\/th><th width=\"550px\" scope=\"col\">Zweck<\/th><\/tr><\/thead><tbody><tr><td>Essenziell<\/td><td>real_cookie_banner*<\/td><td>.joset-telematique.ch<\/td><td>Real Cookie Banner<\/td><td>365 Tage<\/td><td>HTTP Cookie<\/td><td>Eindeutiger Identifikator f\u00fcr die Einwilligung, aber nicht f\u00fcr den Website-Besucher. Revisionshash f\u00fcr die Einstellungen des Cookie-Banners (Texte, Farben, Funktionen, Servicegruppen, Dienste, Content Blocker usw.). IDs f\u00fcr eingewilligte Services und Service-Gruppen.<\/td><\/tr><tr><td>Essenziell<\/td><td>real_cookie_banner*-tcf<\/td><td>.joset-telematique.ch<\/td><td>Real Cookie Banner<\/td><td>365 Tage<\/td><td>HTTP Cookie<\/td><td>Im Rahmen von TCF gesammelte Einwilligungen, die im TC-String-Format gespeichert werden, einschlie\u00dflich TCF-Vendoren, -Zwecke, -Sonderzwecke, -Funktionen und -Sonderfunktionen.<\/td><\/tr><tr><td>Essenziell<\/td><td>real_cookie_banner*-gcm<\/td><td>.joset-telematique.ch<\/td><td>Real Cookie Banner<\/td><td>365 Tage<\/td><td>HTTP Cookie<\/td><td>Die im Google Consent Mode gesammelten Einwilligungen in die verschiedenen Einwilligungstypen (Zwecke) werden f\u00fcr alle mit dem Google Consent Mode kompatiblen Services gespeichert.<\/td><\/tr><tr><td>Essenziell<\/td><td>real_cookie_banner-test<\/td><td>.joset-telematique.ch<\/td><td>Real Cookie Banner<\/td><td>365 Tage<\/td><td>HTTP Cookie<\/td><td>Cookie, der gesetzt wurde, um die Funktionalit\u00e4t von HTTP-Cookies zu testen. Wird sofort nach dem Test gel\u00f6scht.<\/td><\/tr><tr><td>Essenziell<\/td><td>real_cookie_banner*<\/td><td>https:\/\/dev.joset-telematique.ch<\/td><td>Real Cookie Banner<\/td><td>-<\/td><td>Local Storage<\/td><td>Eindeutiger Identifikator f\u00fcr die Einwilligung, aber nicht f\u00fcr den Website-Besucher. Revisionshash f\u00fcr die Einstellungen des Cookie-Banners (Texte, Farben, Funktionen, Service-Gruppen, Services, Content Blocker usw.). IDs f\u00fcr eingewilligte Services und Service-Gruppen. Wird nur solange gespeichert, bis die Einwilligung auf dem Website-Server dokumentiert ist.<\/td><\/tr><tr><td>Essenziell<\/td><td>real_cookie_banner*-tcf<\/td><td>https:\/\/dev.joset-telematique.ch<\/td><td>Real Cookie Banner<\/td><td>-<\/td><td>Local Storage<\/td><td>Im Rahmen von TCF gesammelte Einwilligungen werden im TC-String-Format gespeichert, einschlie\u00dflich TCF Vendoren, Zwecke, besondere Zwecke, Funktionen und besondere Funktionen. Wird nur solange gespeichert, bis die Einwilligung auf dem Website-Server dokumentiert ist.<\/td><\/tr><tr><td>Essenziell<\/td><td>real_cookie_banner*-gcm<\/td><td>https:\/\/dev.joset-telematique.ch<\/td><td>Real Cookie Banner<\/td><td>-<\/td><td>Local Storage<\/td><td>Im Rahmen des Google Consent Mode erfasste Einwilligungen werden f\u00fcr alle mit dem Google Consent Mode kompatiblen Services in Einwilligungstypen (Zwecke) gespeichert. Wird nur solange gespeichert, bis die Einwilligung auf dem Website-Server dokumentiert ist.<\/td><\/tr><tr><td>Essenziell<\/td><td>real_cookie_banner-consent-queue*<\/td><td>https:\/\/dev.joset-telematique.ch<\/td><td>Real Cookie Banner<\/td><td>-<\/td><td>Local Storage<\/td><td>Lokale Zwischenspeicherung (Caching) der Auswahl im Cookie-Banner, bis der Server die Einwilligung dokumentiert; Dokumentation periodisch oder bei Seitenwechseln versucht, wenn der Server nicht verf\u00fcgbar oder \u00fcberlastet ist.<\/td><\/tr><\/tbody><\/table><p>Die Cookie-Richtlinie wurde zuletzt am September 29, 2025 aktualisiert.<\/p>","protected":false},"excerpt":{"rendered":"","protected":false},"author":1,"featured_media":0,"parent":0,"menu_order":0,"comment_status":"closed","ping_status":"closed","template":"","meta":{"footnotes":""},"class_list":["post-826","page","type-page","status-publish","hentry"],"blocksy_meta":[],"_links":{"self":[{"href":"https:\/\/joset-telematique.ch\/de\/wp-json\/wp\/v2\/pages\/826","targetHints":{"allow":["GET"]}}],"collection":[{"href":"https:\/\/joset-telematique.ch\/de\/wp-json\/wp\/v2\/pages"}],"about":[{"href":"https:\/\/joset-telematique.ch\/de\/wp-json\/wp\/v2\/types\/page"}],"author":[{"embeddable":true,"href":"https:\/\/joset-telematique.ch\/de\/wp-json\/wp\/v2\/users\/1"}],"replies":[{"embeddable":true,"href":"https:\/\/joset-telematique.ch\/de\/wp-json\/wp\/v2\/comments?post=826"}],"version-history":[{"count":0,"href":"https:\/\/joset-telematique.ch\/de\/wp-json\/wp\/v2\/pages\/826\/revisions"}],"wp:attachment":[{"href":"https:\/\/joset-telematique.ch\/de\/wp-json\/wp\/v2\/media?parent=826"}],"curies":[{"name":"wp","href":"https:\/\/api.w.org\/{rel}","templated":true}]}}